{"id":6909,"date":"2024-11-22T13:50:20","date_gmt":"2024-11-22T12:50:20","guid":{"rendered":"https:\/\/dev.visibilia.com\/declaracion-de-conformidad\/"},"modified":"2026-01-30T11:03:24","modified_gmt":"2026-01-30T10:03:24","slug":"declaracion-de-conformidad","status":"publish","type":"page","link":"https:\/\/www.visibilia.com\/es\/declaracion-de-conformidad\/","title":{"rendered":"Declaraci\u00f3n de conformidad"},"content":{"rendered":"\t\t<div data-elementor-type=\"wp-page\" data-elementor-id=\"6909\" class=\"elementor elementor-6909 elementor-2305\">\n\t\t\t\t<div class=\"elementor-element elementor-element-68af17e5 e-flex e-con-boxed e-con e-parent\" data-id=\"68af17e5\" data-element_type=\"container\" data-e-type=\"container\">\n\t\t\t\t\t<div class=\"e-con-inner\">\n\t\t\t\t<div class=\"elementor-element elementor-element-4f85cfb elementor-widget elementor-widget-text-editor\" data-id=\"4f85cfb\" data-element_type=\"widget\" data-e-type=\"widget\" data-widget_type=\"text-editor.default\">\n\t\t\t\t<div class=\"elementor-widget-container\">\n\t\t\t\t\t\t\t\t\t<h1><b>Declaraci\u00f3n de conformidad<\/b><\/h1>\t\t\t\t\t\t\t\t<\/div>\n\t\t\t\t<\/div>\n\t\t\t\t<div class=\"elementor-element elementor-element-47bcf57 elementor-widget elementor-widget-text-editor\" data-id=\"47bcf57\" data-element_type=\"widget\" data-e-type=\"widget\" data-widget_type=\"text-editor.default\">\n\t\t\t\t<div class=\"elementor-widget-container\">\n\t\t\t\t\t\t\t\t\t<table border=\"1\" cellspacing=\"0\" cellpadding=\"6\">\n<thead>\n<tr>\n<th><\/th>\n<th><\/th>\n<th>1.<\/th>\n<th>2.<\/th>\n<th>3.<\/th>\n<\/tr>\n<\/thead>\n<tbody>\n<tr>\n<td>DE<\/td>\n<td>Konformit\u00e4tserkl\u00e4rung<\/td>\n<td>W\u00e4hlen Sie eine Sprache aus<\/td>\n<td>5-stellige Modellnummer eingeben<\/td>\n<td>BUSCAR EN Taste dr\u00fccken<\/td>\n<\/tr>\n<tr>\n<td>EN<\/td>\n<td>Declaration of conformity<\/td>\n<td>Select a language<\/td>\n<td>Enter the 5-digit model number<\/td>\n<td>Press the BUSCAR EN button<\/td>\n<\/tr>\n<tr>\n<td>ES<\/td>\n<td>Declaraci\u00f3n UE de conformidad<\/td>\n<td>Seleccione un idioma<\/td>\n<td>Introduzca el n\u00famero de modelo de 5 d\u00edgitos<\/td>\n<td>Pulse el bot\u00f3n BUSCAR EN<\/td>\n<\/tr>\n<tr>\n<td>FR<\/td>\n<td>D\u00e9claration de conformit\u00e9<\/td>\n<td>S\u00e9lectionnez une langue<\/td>\n<td>Entrez le num\u00e9ro de mod\u00e8le \u00e0 5 chiffres<\/td>\n<td>Appuyez sur le bouton BUSCAR EN<\/td>\n<\/tr>\n<tr>\n<td>HR<\/td>\n<td>EU Izjava o sukladnosti<\/td>\n<td>Odaberite jezik<\/td>\n<td>Unesite petocifreni broj modela<\/td>\n<td>Pritisnite gumb BUSCAR EN<\/td>\n<\/tr>\n<tr>\n<td>IT<\/td>\n<td>Dichiarazione di conformit\u00e0 UE<\/td>\n<td>Seleziona una lingua<\/td>\n<td>Inserisci il numero di modello a 5 cifre<\/td>\n<td>Premere il pulsante BUSCAR EN<\/td>\n<\/tr>\n<tr>\n<td>LT<\/td>\n<td>ES atitikties deklaracija<\/td>\n<td>Pasirinkite kalba<\/td>\n<td>Iveskite 5 skaitmenu modelio numeri<\/td>\n<td>Paspauskite mygtuka BUSCAR EN<\/td>\n<\/tr>\n<tr>\n<td>PL<\/td>\n<td>Deklaracja zgodnosci UE<\/td>\n<td>Wybierz jezyk<\/td>\n<td>Wprowadz 5-cyfrowy numer modelu<\/td>\n<td>Nacisnij przycisk BUSCAR EN<\/td>\n<\/tr>\n<tr>\n<td>SI<\/td>\n<td>Izjava o skladnosti EU<\/td>\n<td>Izberite jezik<\/td>\n<td>Vnesite 5-mestno \u0161tevilko modela<\/td>\n<td>Pritisnite gumb BUSCAR EN<\/td>\n<\/tr>\n<tr>\n<td>SK<\/td>\n<td>Vyhl\u00e1senie o zhode E\u00da<\/td>\n<td>Vyberte si jazyk<\/td>\n<td>Zadajte 5-miestne c\u00edslo modelu<\/td>\n<td>Stlacte tlacidlo BUSCAR EN<\/td>\n<\/tr>\n<tr>\n<td>CZ<\/td>\n<td>Prohl\u00e1\u0161en\u00ed o shode EU<\/td>\n<td>Vyberte jazyk<\/td>\n<td>Zadejte petim\u00edstn\u00e9 c\u00edslo modele<\/td>\n<td>Stisknete tlac\u00edtko BUSCAR EN<\/td>\n<\/tr>\n<\/tbody>\n<\/table>\t\t\t\t\t\t\t\t<\/div>\n\t\t\t\t<\/div>\n\t\t\t\t<div class=\"elementor-element elementor-element-9e0cdef elementor-widget elementor-widget-shortcode\" data-id=\"9e0cdef\" data-element_type=\"widget\" data-e-type=\"widget\" data-widget_type=\"shortcode.default\">\n\t\t\t\t<div class=\"elementor-widget-container\">\n\t\t\t\t\t\t\t<div class=\"elementor-shortcode\">    <div id=\"docm-search-form\">\n        <form id=\"docm-search\" style=\"margin-bottom:30px\">\n            <select id=\"docm-lang\" name=\"lang\" style=\"display:inline-block; width: 150px; height: 42px; background-color: #eee; border:1px solid rgb(136, 22, 40); margin-bottom:10px\">\n                <option value=\"cz\">CZ<\/option>\n                <option value=\"de\" >DE<\/option>\n                <option value=\"en\" >EN<\/option>\n                <option value=\"es\" selected>ES<\/option>\n                <option value=\"fr\">FR<\/option>\n                <option value=\"hr\">HR<\/option>\n                <option value=\"it\">IT<\/option>\n                <option value=\"lt\">LT<\/option>\n                <option value=\"pl\">PL<\/option>\n                <option value=\"si\">SI<\/option>\n                <option value=\"sk\">SK<\/option>\n                \n            <\/select>\n            <input type=\"text\" id=\"docm-search-input\" placeholder=\"N\u00famero de modelo\" name=\"search_term\" style=\"display: inline-block; width:160px; height: 42px; border:1px solid rgb(136, 22, 40); color:#000; margin-bottom:10px\" required \/>\n            <button type=\"submit\" id=\"docm-search-button\" style=\"border:1px solid rgb(136, 22, 40); color: rgb(136, 22, 40);\">Buscar en<\/button>\n        <\/form>\n        <div id=\"docm-search-result\"><\/div>\n    <\/div>\n\n    <script>\n        document.getElementById('docm-search').addEventListener('submit', function(event) {\n            event.preventDefault();\n            const lang = document.getElementById('docm-lang').value;\n            const searchTerm = document.getElementById('docm-search-input').value;\n\n            fetch('https:\/\/www.visibilia.com\/wp-admin\/admin-ajax.php', {\n                method: 'POST',\n                headers: {\n                    'Content-Type': 'application\/x-www-form-urlencoded',\n                },\n                body: new URLSearchParams({\n                    action: 'docm_search_files',\n                    lang: lang,\n                    search_term: searchTerm,\n                }),\n            })\n            .then(response => response.json())\n            .then(data => {\n                const resultDiv = document.getElementById('docm-search-result');\n                if (data.found) {\n                    resultDiv.innerHTML = `<p><a href=\"${data.url}\" target=\"_blank\" class=\"\">Declaraci\u00f3n de conformidad de la UE ${data.filename}<\/a><\/p>`;\n                } else {\n                    resultDiv.innerHTML = '<p>No se ha encontrado ning\u00fan documento para su b\u00fasqueda.<\/p>';\n                }\n            })\n            .catch(error => {\n                console.error('Fehler bei der Suche:', error);\n            });\n        });\n    <\/script>\n    <\/div>\n\t\t\t\t\t\t<\/div>\n\t\t\t\t<\/div>\n\t\t\t\t\t<\/div>\n\t\t\t\t<\/div>\n\t\t\t\t<\/div>\n\t\t","protected":false},"excerpt":{"rendered":"<p>Declaraci\u00f3n de conformidad 1. 2. 3. DE Konformit\u00e4tserkl\u00e4rung W\u00e4hlen Sie eine Sprache aus 5-stellige Modellnummer eingeben BUSCAR EN Taste dr\u00fccken EN Declaration of conformity Select a language Enter the 5-digit model number Press the BUSCAR EN button ES Declaraci\u00f3n UE de conformidad Seleccione un idioma Introduzca el n\u00famero de modelo de 5 d\u00edgitos Pulse el [&hellip;]<\/p>\n","protected":false},"author":1,"featured_media":0,"parent":0,"menu_order":0,"comment_status":"closed","ping_status":"closed","template":"","meta":{"footnotes":""},"class_list":["post-6909","page","type-page","status-publish","hentry"],"_links":{"self":[{"href":"https:\/\/www.visibilia.com\/es\/wp-json\/wp\/v2\/pages\/6909","targetHints":{"allow":["GET"]}}],"collection":[{"href":"https:\/\/www.visibilia.com\/es\/wp-json\/wp\/v2\/pages"}],"about":[{"href":"https:\/\/www.visibilia.com\/es\/wp-json\/wp\/v2\/types\/page"}],"author":[{"embeddable":true,"href":"https:\/\/www.visibilia.com\/es\/wp-json\/wp\/v2\/users\/1"}],"replies":[{"embeddable":true,"href":"https:\/\/www.visibilia.com\/es\/wp-json\/wp\/v2\/comments?post=6909"}],"version-history":[{"count":16,"href":"https:\/\/www.visibilia.com\/es\/wp-json\/wp\/v2\/pages\/6909\/revisions"}],"predecessor-version":[{"id":8870,"href":"https:\/\/www.visibilia.com\/es\/wp-json\/wp\/v2\/pages\/6909\/revisions\/8870"}],"wp:attachment":[{"href":"https:\/\/www.visibilia.com\/es\/wp-json\/wp\/v2\/media?parent=6909"}],"curies":[{"name":"wp","href":"https:\/\/api.w.org\/{rel}","templated":true}]}}